{"id":2724,"date":"2022-09-18T17:16:17","date_gmt":"2022-09-18T15:16:17","guid":{"rendered":"https:\/\/beta.tacktil.com\/caracteristicas\/"},"modified":"2022-09-18T17:16:17","modified_gmt":"2022-09-18T15:16:17","slug":"caracteristicas","status":"publish","type":"page","link":"https:\/\/beta.tacktil.com\/eu\/caracteristicas\/","title":{"rendered":"Caracter\u00edsticas"},"content":{"rendered":"","protected":false},"excerpt":{"rendered":"","protected":false},"author":1,"featured_media":0,"parent":0,"menu_order":0,"comment_status":"closed","ping_status":"closed","template":"page-features.php","meta":{"footnotes":""},"class_list":["post-2724","page","type-page","status-publish","hentry"],"acf":[],"yoast_head":"<!-- This site is optimized with the Yoast SEO plugin v20.0 - https:\/\/yoast.com\/wordpress\/plugins\/seo\/ -->\n<title>Caracter\u00edsticas - Tacktil<\/title>\n<meta name=\"description\" content=\"Software de conservaci\u00f3n, estudio e investigaci\u00f3n. Avalado para patrimonio hist\u00f3rico art\u00edstico. Apto en todos los dispositivos y navegadores.\" \/>\n<meta name=\"robots\" content=\"noindex, follow, max-snippet:-1, max-image-preview:large, max-video-preview:-1\" \/>\n<meta property=\"og:locale\" content=\"eu_ES\" \/>\n<meta property=\"og:type\" content=\"article\" \/>\n<meta property=\"og:title\" content=\"Caracter\u00edsticas - Tacktil\" \/>\n<meta property=\"og:description\" content=\"Software de conservaci\u00f3n, estudio e investigaci\u00f3n. Avalado para patrimonio hist\u00f3rico art\u00edstico. Apto en todos los dispositivos y navegadores.\" \/>\n<meta property=\"og:url\" content=\"https:\/\/beta.tacktil.com\/eu\/caracteristicas\/\" \/>\n<meta property=\"og:site_name\" content=\"Tacktil\" \/>\n<meta name=\"twitter:card\" content=\"summary_large_image\" \/>\n<script type=\"application\/ld+json\" class=\"yoast-schema-graph\">{\"@context\":\"https:\/\/schema.org\",\"@graph\":[{\"@type\":\"WebPage\",\"@id\":\"https:\/\/beta.tacktil.com\/eu\/caracteristicas\/\",\"url\":\"https:\/\/beta.tacktil.com\/eu\/caracteristicas\/\",\"name\":\"Caracter\u00edsticas - Tacktil\",\"isPartOf\":{\"@id\":\"https:\/\/beta.tacktil.com\/#website\"},\"datePublished\":\"2022-09-18T15:16:17+00:00\",\"dateModified\":\"2022-09-18T15:16:17+00:00\",\"description\":\"Software de conservaci\u00f3n, estudio e investigaci\u00f3n. Avalado para patrimonio hist\u00f3rico art\u00edstico. Apto en todos los dispositivos y navegadores.\",\"breadcrumb\":{\"@id\":\"https:\/\/beta.tacktil.com\/eu\/caracteristicas\/#breadcrumb\"},\"inLanguage\":\"eu-ES\",\"potentialAction\":[{\"@type\":\"ReadAction\",\"target\":[\"https:\/\/beta.tacktil.com\/eu\/caracteristicas\/\"]}]},{\"@type\":\"BreadcrumbList\",\"@id\":\"https:\/\/beta.tacktil.com\/eu\/caracteristicas\/#breadcrumb\",\"itemListElement\":[{\"@type\":\"ListItem\",\"position\":1,\"name\":\"Portada\",\"item\":\"https:\/\/beta.tacktil.com\/\"},{\"@type\":\"ListItem\",\"position\":2,\"name\":\"Caracter\u00edsticas\"}]},{\"@type\":\"WebSite\",\"@id\":\"https:\/\/beta.tacktil.com\/#website\",\"url\":\"https:\/\/beta.tacktil.com\/\",\"name\":\"Tacktil\",\"description\":\"Software para la conservaci\u00f3n, estudio e investigaci\u00f3n del patrimonio hist\u00f3rico\",\"potentialAction\":[{\"@type\":\"SearchAction\",\"target\":{\"@type\":\"EntryPoint\",\"urlTemplate\":\"https:\/\/beta.tacktil.com\/?s={search_term_string}\"},\"query-input\":\"required name=search_term_string\"}],\"inLanguage\":\"eu-ES\"}]}<\/script>\n<!-- \/ Yoast SEO plugin. -->","yoast_head_json":{"title":"Caracter\u00edsticas - Tacktil","description":"Software de conservaci\u00f3n, estudio e investigaci\u00f3n. Avalado para patrimonio hist\u00f3rico art\u00edstico. Apto en todos los dispositivos y navegadores.","robots":{"index":"noindex","follow":"follow","max-snippet":"max-snippet:-1","max-image-preview":"max-image-preview:large","max-video-preview":"max-video-preview:-1"},"og_locale":"eu_ES","og_type":"article","og_title":"Caracter\u00edsticas - Tacktil","og_description":"Software de conservaci\u00f3n, estudio e investigaci\u00f3n. Avalado para patrimonio hist\u00f3rico art\u00edstico. Apto en todos los dispositivos y navegadores.","og_url":"https:\/\/beta.tacktil.com\/eu\/caracteristicas\/","og_site_name":"Tacktil","twitter_card":"summary_large_image","schema":{"@context":"https:\/\/schema.org","@graph":[{"@type":"WebPage","@id":"https:\/\/beta.tacktil.com\/eu\/caracteristicas\/","url":"https:\/\/beta.tacktil.com\/eu\/caracteristicas\/","name":"Caracter\u00edsticas - Tacktil","isPartOf":{"@id":"https:\/\/beta.tacktil.com\/#website"},"datePublished":"2022-09-18T15:16:17+00:00","dateModified":"2022-09-18T15:16:17+00:00","description":"Software de conservaci\u00f3n, estudio e investigaci\u00f3n. Avalado para patrimonio hist\u00f3rico art\u00edstico. Apto en todos los dispositivos y navegadores.","breadcrumb":{"@id":"https:\/\/beta.tacktil.com\/eu\/caracteristicas\/#breadcrumb"},"inLanguage":"eu-ES","potentialAction":[{"@type":"ReadAction","target":["https:\/\/beta.tacktil.com\/eu\/caracteristicas\/"]}]},{"@type":"BreadcrumbList","@id":"https:\/\/beta.tacktil.com\/eu\/caracteristicas\/#breadcrumb","itemListElement":[{"@type":"ListItem","position":1,"name":"Portada","item":"https:\/\/beta.tacktil.com\/"},{"@type":"ListItem","position":2,"name":"Caracter\u00edsticas"}]},{"@type":"WebSite","@id":"https:\/\/beta.tacktil.com\/#website","url":"https:\/\/beta.tacktil.com\/","name":"Tacktil","description":"Software para la conservaci\u00f3n, estudio e investigaci\u00f3n del patrimonio hist\u00f3rico","potentialAction":[{"@type":"SearchAction","target":{"@type":"EntryPoint","urlTemplate":"https:\/\/beta.tacktil.com\/?s={search_term_string}"},"query-input":"required name=search_term_string"}],"inLanguage":"eu-ES"}]}},"_links":{"self":[{"href":"https:\/\/beta.tacktil.com\/eu\/wp-json\/wp\/v2\/pages\/2724","targetHints":{"allow":["GET"]}}],"collection":[{"href":"https:\/\/beta.tacktil.com\/eu\/wp-json\/wp\/v2\/pages"}],"about":[{"href":"https:\/\/beta.tacktil.com\/eu\/wp-json\/wp\/v2\/types\/page"}],"author":[{"embeddable":true,"href":"https:\/\/beta.tacktil.com\/eu\/wp-json\/wp\/v2\/users\/1"}],"replies":[{"embeddable":true,"href":"https:\/\/beta.tacktil.com\/eu\/wp-json\/wp\/v2\/comments?post=2724"}],"version-history":[{"count":0,"href":"https:\/\/beta.tacktil.com\/eu\/wp-json\/wp\/v2\/pages\/2724\/revisions"}],"wp:attachment":[{"href":"https:\/\/beta.tacktil.com\/eu\/wp-json\/wp\/v2\/media?parent=2724"}],"curies":[{"name":"wp","href":"https:\/\/api.w.org\/{rel}","templated":true}]}}